{"id":224,"date":"2022-05-18T20:16:07","date_gmt":"2022-05-18T20:16:07","guid":{"rendered":"https:\/\/demo.web-informatica.info\/neagro\/?page_id=224"},"modified":"2022-05-18T20:16:07","modified_gmt":"2022-05-18T20:16:07","slug":"comisiones","status":"publish","type":"page","link":"http:\/\/neagrosa.com\/index.php\/comisiones\/","title":{"rendered":"Comisiones"},"content":{"rendered":"<p>[et_pb_section fb_built=&#8221;1&#8243; _builder_version=&#8221;4.17.4&#8243; _module_preset=&#8221;default&#8221; custom_padding=&#8221;6px|||||&#8221; global_colors_info=&#8221;{}&#8221;][et_pb_row _builder_version=&#8221;4.17.4&#8243; _module_preset=&#8221;default&#8221; global_colors_info=&#8221;{}&#8221;][et_pb_column type=&#8221;4_4&#8243; _builder_version=&#8221;4.17.4&#8243; _module_preset=&#8221;default&#8221; global_colors_info=&#8221;{}&#8221;][et_pb_text _builder_version=&#8221;4.17.4&#8243; _module_preset=&#8221;default&#8221; header_font=&#8221;centrale sans bold||||||||&#8221; header_text_align=&#8221;center&#8221; header_text_color=&#8221;#3169a3&#8243; header_font_size=&#8221;32px&#8221; global_colors_info=&#8221;{}&#8221;]<\/p>\n<h1>Comisiones<\/h1>\n<p>[\/et_pb_text][et_pb_image src=&#8221;https:\/\/demo.web-informatica.info\/neagro\/wp-content\/uploads\/2022\/05\/recortado-scaled.jpg&#8221; title_text=&#8221;recortado&#8221; disabled_on=&#8221;off|off|on&#8221; _builder_version=&#8221;4.17.4&#8243; _module_preset=&#8221;default&#8221; positioning=&#8221;relative&#8221; vertical_offset=&#8221;25px&#8221; vertical_offset_tablet=&#8221;0px&#8221; vertical_offset_phone=&#8221;0px&#8221; vertical_offset_last_edited=&#8221;on|tablet&#8221; custom_margin=&#8221;||||false|false&#8221; border_radii=&#8221;on|10px|10px|10px|10px&#8221; global_colors_info=&#8221;{}&#8221;][\/et_pb_image][et_pb_text _builder_version=&#8221;4.17.6&#8243; _module_preset=&#8221;default&#8221; text_font=&#8221;centrale sans light||||||||&#8221; text_text_color=&#8221;#000000&#8243; text_font_size=&#8221;16px&#8221; header_font=&#8221;centrale sans bold||||||||&#8221; header_text_align=&#8221;center&#8221; header_text_color=&#8221;#3169a3&#8243; header_font_size=&#8221;32px&#8221; hover_enabled=&#8221;0&#8243; global_colors_info=&#8221;{}&#8221; sticky_enabled=&#8221;0&#8243;]<\/p>\n<p><span style=\"font-size: 14pt; line-height: normal;\">Por los servicios brindados NEAGRO S.A.\u00a0 cuenta con distintas tasas de comisi\u00f3n, \u00e9stas son calculadas en base a el tipo de operaci\u00f3n, el monto de dicha operaci\u00f3n, el per\u00edodo de tiempo de ejecuci\u00f3n del contrato y el n\u00famero de entregas del producto o servicio a brindar.<\/span><span>\u00a0<\/span><\/p>\n<p>[\/et_pb_text][\/et_pb_column][\/et_pb_row][et_pb_row column_structure=&#8221;1_2,1_2&#8243; _builder_version=&#8221;4.17.4&#8243; _module_preset=&#8221;default&#8221; global_colors_info=&#8221;{}&#8221;][et_pb_column type=&#8221;1_2&#8243; _builder_version=&#8221;4.17.4&#8243; _module_preset=&#8221;default&#8221; global_colors_info=&#8221;{}&#8221;][et_pb_image src=&#8221;https:\/\/demo.web-informatica.info\/neagro\/wp-content\/uploads\/2022\/05\/recortado-scaled.jpg&#8221; title_text=&#8221;recortado&#8221; disabled_on=&#8221;on|on|off&#8221; _builder_version=&#8221;4.17.4&#8243; _module_preset=&#8221;default&#8221; positioning=&#8221;relative&#8221; vertical_offset=&#8221;25px&#8221; vertical_offset_tablet=&#8221;0px&#8221; vertical_offset_phone=&#8221;0px&#8221; vertical_offset_last_edited=&#8221;on|tablet&#8221; custom_margin=&#8221;||||false|false&#8221; border_radii=&#8221;on|10px|10px|10px|10px&#8221; global_colors_info=&#8221;{}&#8221;][\/et_pb_image][\/et_pb_column][et_pb_column type=&#8221;1_2&#8243; _builder_version=&#8221;4.17.4&#8243; _module_preset=&#8221;default&#8221; global_colors_info=&#8221;{}&#8221;][et_pb_text content_tablet=&#8221;<\/p>\n<p>COMISIONES DE NEGOCIOS AGROBURS\u00c1TILES, S.A. (NEAGRO).<\/p>\n<p style=%22text-align: center;%22>Registro de Contingente:<br \/>Hasta $0.04\/qq + IVA.<\/p>\n<p style=%22text-align: center;%22>Operaciones de Convenio Ma\u00edz Blanco:<br \/>Compra hasta 2.50% + IVA.<\/p>\n<p style=%22text-align: center;%22>Venta hasta 2.50% + IVA.<\/p>\n<p style=%22text-align: center;%22>Operaciones de Convenio Sorgo Blanco:<br \/>Compra hasta 2.50% + IVA.<\/p>\n<p style=%22text-align: center;%22>Venta hasta 2.5% + IVA.<\/p>\n<p style=%22text-align: center;%22>Operaciones de Convenio de Arroz Granza:<br \/>Compra hasta 2.50% + IVA<\/p>\n<p style=%22text-align: center;%22>Venta hasta 2.50% + IVA<\/p>\n<p style=%22text-align: center;%22>Operaciones de Mercado Abierto:<br \/>Hasta 5.00% + IVA.<\/p>\n<p style=%22text-align: justify;%22><span>Si alg\u00fan proveedor desea publicar una Oferta de Compra\/Venta con Caracter de Urgencia, el monto de la comisi\u00f3n Incrementar\u00e1 en un 0.50% + IVA  del monto del contrato, debido a pol\u00edticas internas de BOLPROS.<\/span><\/p>\n<p>&#8221; content_phone=&#8221;<\/p>\n<p style=%22text-align: center;%22>COMISIONES DE NEGOCIOS AGROBURS\u00c1TILES, S.A. (NEAGRO).<\/p>\n<p style=%22text-align: center;%22>Registro de Contingente:<br \/>Hasta $0.04\/qq + IVA.<\/p>\n<p style=%22text-align: center;%22>Operaciones de Convenio Ma\u00edz Blanco:<br \/>Compra hasta 2.50% + IVA.<\/p>\n<p style=%22text-align: center;%22>Venta hasta 2.50% + IVA.<\/p>\n<p style=%22text-align: center;%22>Operaciones de Convenio Sorgo Blanco:<br \/>Compra hasta 2.50% + IVA.<\/p>\n<p style=%22text-align: center;%22>Venta hasta 2.5% + IVA.<\/p>\n<p style=%22text-align: center;%22>Operaciones de Convenio de Arroz Granza:<br \/>Compra hasta 2.50% + IVA<\/p>\n<p style=%22text-align: center;%22>Venta hasta 2.50% + IVA<\/p>\n<p style=%22text-align: center;%22>Operaciones de Mercado Abierto:<br \/>Hasta 5.00% + IVA.<\/p>\n<p style=%22text-align: justify;%22><span>Si alg\u00fan proveedor desea publicar una Oferta de Compra\/Venta con Caracter de Urgencia, el monto de la comisi\u00f3n Incrementar\u00e1 en un 0.50% + IVA  del monto del contrato, debido a pol\u00edticas internas de BOLPROS.<\/span><\/p>\n<p>&#8221; content_last_edited=&#8221;on|phone&#8221; _builder_version=&#8221;4.17.6&#8243; _module_preset=&#8221;default&#8221; text_font=&#8221;centrale sans light||||||||&#8221; text_text_color=&#8221;#000000&#8243; text_font_size=&#8221;16px&#8221; header_font=&#8221;centrale sans light||||||||&#8221; header_text_color=&#8221;#000000&#8243; header_font_size=&#8221;32px&#8221; custom_margin_tablet=&#8221;&#8221; custom_margin_phone=&#8221;-15px||||false|false&#8221; custom_margin_last_edited=&#8221;on|phone&#8221; custom_padding=&#8221;25px|50px|25px|50px|true|true&#8221; custom_padding_tablet=&#8221;25px|50px|25px|50px|true|true&#8221; custom_padding_phone=&#8221;25px|20px|25px|20px|true|true&#8221; custom_padding_last_edited=&#8221;on|phone&#8221; hover_enabled=&#8221;0&#8243; border_radii=&#8221;on|10px|10px|10px|10px&#8221; box_shadow_style=&#8221;preset1&#8243; box_shadow_blur=&#8221;15px&#8221; global_colors_info=&#8221;{}&#8221; transform_styles__hover_enabled=&#8221;on|hover&#8221; transform_scale__hover_enabled=&#8221;on|hover&#8221; transform_translate__hover_enabled=&#8221;on|desktop&#8221; transform_rotate__hover_enabled=&#8221;on|desktop&#8221; transform_skew__hover_enabled=&#8221;on|desktop&#8221; transform_origin__hover_enabled=&#8221;on|desktop&#8221; transform_scale__hover=&#8221;103%|103%&#8221; sticky_enabled=&#8221;0&#8243;]<\/p>\n<p>COMISIONES DE NEGOCIOS AGROBURS\u00c1TILES, S.A. (NEAGRO).<\/p>\n<p style=\"text-align: center;\">Registro de Contingente:<br \/>Hasta $0.04\/qq + IVA.<\/p>\n<p style=\"text-align: center;\">Operaciones de Convenio Ma\u00edz Blanco:<br \/>Compra hasta 2.50% + IVA.<\/p>\n<p style=\"text-align: center;\">Venta hasta 2.50% + IVA.<\/p>\n<p style=\"text-align: center;\">Operaciones de Convenio Sorgo Blanco:<br \/>Compra hasta 2.50% + IVA.<\/p>\n<p style=\"text-align: center;\">Venta hasta 2.5% + IVA.<\/p>\n<p style=\"text-align: center;\">Operaciones de Convenio de Arroz Granza:<br \/>Compra hasta 2.50% + IVA.<\/p>\n<p style=\"text-align: center;\">Venta hasta 2.50% + IVA.<\/p>\n<p style=\"text-align: center;\">Operaciones de Mercado Abierto:<br \/>Hasta 5.00% + IVA.<\/p>\n<p style=\"text-align: justify;\"><span>Si alg\u00fan proveedor desea publicar una oferta de compra\/venta con car\u00e1cter de urgencia, el monto de la comisi\u00f3n incrementar\u00e1 en un 0.50% + IVA \u00a0del monto del contrato, debido a pol\u00edticas internas de BOLPROS.<\/span><\/p>\n<p>[\/et_pb_text][\/et_pb_column][\/et_pb_row][et_pb_row _builder_version=&#8221;4.17.4&#8243; _module_preset=&#8221;default&#8221; global_colors_info=&#8221;{}&#8221;][et_pb_column type=&#8221;4_4&#8243; _builder_version=&#8221;4.17.4&#8243; _module_preset=&#8221;default&#8221; global_colors_info=&#8221;{}&#8221;][et_pb_text _builder_version=&#8221;4.17.4&#8243; _module_preset=&#8221;default&#8221; header_font=&#8221;centrale sans bold||||||||&#8221; header_text_align=&#8221;center&#8221; header_text_color=&#8221;#3169a3&#8243; header_font_size=&#8221;32px&#8221; global_colors_info=&#8221;{}&#8221;]<\/p>\n<h1>OTROS SERVICIOS?<\/h1>\n<p>[\/et_pb_text][et_pb_text _builder_version=&#8221;4.17.6&#8243; _module_preset=&#8221;default&#8221; text_font=&#8221;centrale sans light||||||||&#8221; text_text_color=&#8221;#000000&#8243; text_font_size=&#8221;16px&#8221; header_font=&#8221;centrale sans light||||||||&#8221; header_text_color=&#8221;#000000&#8243; header_font_size=&#8221;32px&#8221; custom_padding=&#8221;25px|50px|25px|50px|true|true&#8221; custom_padding_tablet=&#8221;25px|50px|25px|50px|true|true&#8221; custom_padding_phone=&#8221;25px|15px|25px|15px|true|true&#8221; custom_padding_last_edited=&#8221;on|phone&#8221; hover_enabled=&#8221;0&#8243; border_radii=&#8221;on|10px|10px|10px|10px&#8221; box_shadow_style=&#8221;preset1&#8243; box_shadow_blur=&#8221;15px&#8221; global_colors_info=&#8221;{}&#8221; transform_styles__hover_enabled=&#8221;on|hover&#8221; transform_scale__hover_enabled=&#8221;on|hover&#8221; transform_translate__hover_enabled=&#8221;on|desktop&#8221; transform_rotate__hover_enabled=&#8221;on|desktop&#8221; transform_skew__hover_enabled=&#8221;on|desktop&#8221; transform_origin__hover_enabled=&#8221;on|desktop&#8221; transform_scale__hover=&#8221;103%|103%&#8221; sticky_enabled=&#8221;0&#8243;]<\/p>\n<table border=\"0\" style=\"border-collapse: collapse; width: 100%; border: none;\">\n<tbody>\n<tr>\n<td style=\"width: 50%; border: none;\"><strong>Servicio<\/strong><\/td>\n<td class=\"xl65\" width=\"113\" style=\"border: none; width: 50%; text-align: left;\"><strong>Tarifa Mercado Abierto<\/strong><\/td>\n<\/tr>\n<tr>\n<td style=\"width: 50%; border: none;\"><span>Emisi\u00f3n de Ordenes Irrevocables de Pago<\/span><\/td>\n<td class=\"xl64\" width=\"113\" style=\"border-top: none; width: 50%;\">$25.00 + IVA.<\/td>\n<\/tr>\n<tr>\n<td style=\"width: 50%; border: none;\"><span>Adendas por modificaciones a condiciones del contrato para el puesto de bolsa que lo solicite.<\/span><\/td>\n<td class=\"xl64\" width=\"113\" style=\"border-top: none; border-left: none; width: 50%; text-align: left;\">$15.00 + IVA.<\/td>\n<\/tr>\n<\/tbody>\n<\/table>\n<p style=\"text-align: center; margin-top: 30px;\">Las comisiones se calculan en base al monto contratado.<\/p>\n<p>[\/et_pb_text][\/et_pb_column][\/et_pb_row][\/et_pb_section]<\/p>\n","protected":false},"excerpt":{"rendered":"<p>ComisionesPor los servicios brindados NEAGRO S.A.\u00a0 cuenta con distintas tasas de comisi\u00f3n, \u00e9stas son calculadas en base a el tipo de operaci\u00f3n, el monto de dicha operaci\u00f3n, el per\u00edodo de tiempo de ejecuci\u00f3n del contrato y el n\u00famero de entregas del producto o servicio a brindar.\u00a0COMISIONES DE NEGOCIOS AGROBURS\u00c1TILES, S.A. (NEAGRO). Registro de Contingente:Hasta $0.04\/qq [&hellip;]<\/p>\n","protected":false},"author":1,"featured_media":0,"parent":0,"menu_order":0,"comment_status":"closed","ping_status":"closed","template":"","meta":{"_et_pb_use_builder":"on","_et_pb_old_content":"","_et_gb_content_width":"","footnotes":""},"class_list":["post-224","page","type-page","status-publish","hentry"],"_links":{"self":[{"href":"http:\/\/neagrosa.com\/index.php\/wp-json\/wp\/v2\/pages\/224","targetHints":{"allow":["GET"]}}],"collection":[{"href":"http:\/\/neagrosa.com\/index.php\/wp-json\/wp\/v2\/pages"}],"about":[{"href":"http:\/\/neagrosa.com\/index.php\/wp-json\/wp\/v2\/types\/page"}],"author":[{"embeddable":true,"href":"http:\/\/neagrosa.com\/index.php\/wp-json\/wp\/v2\/users\/1"}],"replies":[{"embeddable":true,"href":"http:\/\/neagrosa.com\/index.php\/wp-json\/wp\/v2\/comments?post=224"}],"version-history":[{"count":0,"href":"http:\/\/neagrosa.com\/index.php\/wp-json\/wp\/v2\/pages\/224\/revisions"}],"wp:attachment":[{"href":"http:\/\/neagrosa.com\/index.php\/wp-json\/wp\/v2\/media?parent=224"}],"curies":[{"name":"wp","href":"https:\/\/api.w.org\/{rel}","templated":true}]}}